{"id":111194,"date":"2022-11-01T16:29:12","date_gmt":"2022-11-01T15:29:12","guid":{"rendered":"https:\/\/amz-hannover.de\/wordpress\/?page_id=111194"},"modified":"2022-12-22T18:55:11","modified_gmt":"2022-12-22T17:55:11","slug":"service-amz","status":"publish","type":"page","link":"https:\/\/amz-hannover.de\/wordpress\/service-amz\/","title":{"rendered":"SERVICE AMZ"},"content":{"rendered":"<div class=\"wpb-content-wrapper\"><p>[vc_row unlock_row_content=&#8220;yes&#8220; row_height_percent=&#8220;0&#8243; override_padding=&#8220;yes&#8220; h_padding=&#8220;0&#8243; top_padding=&#8220;0&#8243; bottom_padding=&#8220;0&#8243; back_color=&#8220;color-wayh&#8220; overlay_alpha=&#8220;50&#8243; gutter_size=&#8220;3&#8243; column_width_percent=&#8220;100&#8243; shift_y=&#8220;0&#8243; z_index=&#8220;0&#8243; uncode_shortcode_id=&#8220;154956&#8243; back_color_type=&#8220;uncode-palette&#8220;][vc_column width=&#8220;1\/1&#8243;][vc_single_image media=&#8220;111197&#8243; media_width_percent=&#8220;100&#8243; media_ratio=&#8220;twentyone-nine&#8220; uncode_shortcode_id=&#8220;214397&#8243;][\/vc_column][\/vc_row][vc_row row_height_percent=&#8220;0&#8243; override_padding=&#8220;yes&#8220; h_padding=&#8220;2&#8243; top_padding=&#8220;5&#8243; bottom_padding=&#8220;2&#8243; overlay_alpha=&#8220;50&#8243; gutter_size=&#8220;4&#8243; column_width_percent=&#8220;100&#8243; shift_y=&#8220;0&#8243; z_index=&#8220;0&#8243; bottom_divider=&#8220;curve-asym&#8220; uncode_shortcode_id=&#8220;151184&#8243;][vc_column column_width_percent=&#8220;100&#8243; gutter_size=&#8220;2&#8243; overlay_alpha=&#8220;50&#8243; shift_x=&#8220;0&#8243; shift_y=&#8220;0&#8243; shift_y_down=&#8220;0&#8243; z_index=&#8220;0&#8243; align_medium=&#8220;align_center_tablet&#8220; medium_width=&#8220;0&#8243; align_mobile=&#8220;align_center_mobile&#8220; mobile_width=&#8220;0&#8243; width=&#8220;1\/1&#8243;][vc_custom_heading heading_semantic=&#8220;h3&#8243; text_size=&#8220;fontsize-155944&#8243; text_space=&#8220;fontspace-111509&#8243; uncode_shortcode_id=&#8220;189859&#8243;]Das k\u00f6nnte Sie interessieren.[\/vc_custom_heading][vc_row_inner][vc_column_inner column_width_percent=&#8220;100&#8243; gutter_size=&#8220;2&#8243; overlay_alpha=&#8220;50&#8243; shift_x=&#8220;0&#8243; shift_y=&#8220;0&#8243; shift_y_down=&#8220;0&#8243; z_index=&#8220;0&#8243; align_medium=&#8220;align_center_tablet&#8220; medium_width=&#8220;0&#8243; align_mobile=&#8220;align_center_mobile&#8220; mobile_width=&#8220;0&#8243; width=&#8220;2\/3&#8243;][vc_column_text text_lead=&#8220;yes&#8220; uncode_shortcode_id=&#8220;938369&#8243;]Die Arbeitswelt unterliegt einem schnellen Wandel \u2013 deshalb ver\u00e4ndern sich auch die Themenbereiche Arbeitsmedizin und Arbeitssicherheit regelm\u00e4\u00dfig. Wir bereiten komplexe Sachverhalte und aktuelle Informationen f\u00fcr Sie auf und stellen Sie Ihnen hier zur Verf\u00fcgung. Sollten Sie spezifische Fragen haben, nehmen Sie gerne Kontakt mit uns auf. [\/vc_column_text][\/vc_column_inner][vc_column_inner column_width_percent=&#8220;100&#8243; align_horizontal=&#8220;align_right&#8220; gutter_size=&#8220;3&#8243; overlay_alpha=&#8220;50&#8243; shift_x=&#8220;0&#8243; shift_y=&#8220;0&#8243; shift_y_down=&#8220;0&#8243; z_index=&#8220;0&#8243; align_medium=&#8220;align_center_tablet&#8220; medium_width=&#8220;0&#8243; align_mobile=&#8220;align_center_mobile&#8220; mobile_width=&#8220;0&#8243; width=&#8220;1\/3&#8243;][\/vc_column_inner][\/vc_row_inner][\/vc_column][\/vc_row][vc_row row_height_percent=&#8220;0&#8243; override_padding=&#8220;yes&#8220; h_padding=&#8220;2&#8243; top_padding=&#8220;5&#8243; bottom_padding=&#8220;5&#8243; back_color=&#8220;color-208389&#8243; overlay_alpha=&#8220;80&#8243; gutter_size=&#8220;2&#8243; column_width_percent=&#8220;100&#8243; border_color=&#8220;color-gyho&#8220; border_style=&#8220;solid&#8220; shift_y=&#8220;0&#8243; z_index=&#8220;0&#8243; enable_top_divider=&#8220;default&#8220; top_divider=&#8220;curve-asym&#8220; shape_top_h_use_pixel=&#8220;&#8220; shape_top_height=&#8220;150&#8243; shape_top_color=&#8220;color-xsdn&#8220; shape_top_opacity=&#8220;100&#8243; shape_top_index=&#8220;0&#8243; enable_bottom_divider=&#8220;default&#8220; bottom_divider=&#8220;curve-asym&#8220; shape_bottom_flip=&#8220;yes&#8220; shape_bottom_h_use_pixel=&#8220;&#8220; shape_bottom_height=&#8220;150&#8243; shape_bottom_color=&#8220;color-xsdn&#8220; shape_bottom_opacity=&#8220;100&#8243; shape_bottom_index=&#8220;0&#8243; style=&#8220;inherited&#8220; css=&#8220;.vc_custom_1667045206544{border-bottom-width: 1px !important;}&#8220; uncode_shortcode_id=&#8220;170687&#8243; back_color_type=&#8220;uncode-palette&#8220; border_color_type=&#8220;uncode-palette&#8220; shape_top_color_type=&#8220;uncode-palette&#8220; shape_bottom_color_type=&#8220;uncode-palette&#8220;][vc_column column_width_percent=&#8220;100&#8243; gutter_size=&#8220;3&#8243; style=&#8220;dark&#8220; overlay_alpha=&#8220;50&#8243; shift_x=&#8220;0&#8243; shift_y=&#8220;0&#8243; shift_y_down=&#8220;0&#8243; z_index=&#8220;0&#8243; medium_width=&#8220;0&#8243; mobile_width=&#8220;0&#8243; width=&#8220;1\/1&#8243; uncode_shortcode_id=&#8220;157208&#8243;][vc_empty_space empty_h=&#8220;4&#8243;][vc_row_inner row_inner_height_percent=&#8220;0&#8243; overlay_alpha=&#8220;50&#8243; gutter_size=&#8220;4&#8243; shift_y=&#8220;0&#8243; z_index=&#8220;0&#8243;][vc_column_inner column_width_percent=&#8220;100&#8243; gutter_size=&#8220;1&#8243; style=&#8220;dark&#8220; overlay_alpha=&#8220;50&#8243; shift_x=&#8220;0&#8243; shift_y=&#8220;0&#8243; shift_y_down=&#8220;0&#8243; z_index=&#8220;0&#8243; medium_width=&#8220;0&#8243; mobile_width=&#8220;0&#8243; width=&#8220;1\/3&#8243; uncode_shortcode_id=&#8220;108643&#8243;][vc_empty_space empty_h=&#8220;0&#8243;][vc_custom_heading text_color=&#8220;color-xsdn&#8220; heading_semantic=&#8220;h6&#8243; text_size=&#8220;fontsize-160000&#8243; text_transform=&#8220;uppercase&#8220; text_space=&#8220;fontspace-135905&#8243; uncode_shortcode_id=&#8220;173833&#8243; text_color_type=&#8220;uncode-palette&#8220;]Service[\/vc_custom_heading][\/vc_column_inner][vc_column_inner column_width_percent=&#8220;100&#8243; gutter_size=&#8220;2&#8243; style=&#8220;dark&#8220; overlay_alpha=&#8220;50&#8243; shift_x=&#8220;0&#8243; shift_y=&#8220;0&#8243; shift_y_down=&#8220;0&#8243; z_index=&#8220;0&#8243; medium_width=&#8220;0&#8243; mobile_width=&#8220;0&#8243; width=&#8220;2\/3&#8243; uncode_shortcode_id=&#8220;945419&#8243;][vc_custom_heading heading_semantic=&#8220;h3&#8243; text_size=&#8220;fontsize-155944&#8243; text_space=&#8220;fontspace-111509&#8243; uncode_shortcode_id=&#8220;342455&#8243;]Wir halten Sie auf dem Laufenden.<br \/>\n[\/vc_custom_heading][vc_column_text text_lead=&#8220;yes&#8220; uncode_shortcode_id=&#8220;197856&#8243;]In unseren Downloads finden Sie regelm\u00e4\u00dfig wichtige rechtliche \u00c4nderungen, Informationen und Tipps. [\/vc_column_text][\/vc_column_inner][\/vc_row_inner][vc_row_inner row_inner_height_percent=&#8220;0&#8243; overlay_alpha=&#8220;50&#8243; gutter_size=&#8220;4&#8243; shift_y=&#8220;0&#8243; z_index=&#8220;0&#8243;][vc_column_inner column_width_percent=&#8220;100&#8243; gutter_size=&#8220;3&#8243; overlay_alpha=&#8220;50&#8243; shift_x=&#8220;0&#8243; shift_y=&#8220;0&#8243; shift_y_down=&#8220;0&#8243; z_index=&#8220;0&#8243; medium_width=&#8220;0&#8243; mobile_width=&#8220;0&#8243; width=&#8220;1\/1&#8243;][uncode_index el_id=&#8220;index-159929&#8243; loop=&#8220;size:10|order_by:date|order:ASC|post_type:post|categories:120|taxonomy_count:10&#8243; gutter_size=&#8220;3&#8243; post_items=&#8220;media|featured|onpost|original,title&#8220; screen_lg=&#8220;1000&#8243; screen_md=&#8220;600&#8243; screen_sm=&#8220;480&#8243; single_style=&#8220;dark&#8220; single_overlay_opacity=&#8220;50&#8243; single_padding=&#8220;2&#8243; single_title_semantic=&#8220;h2&#8243; single_title_dimension=&#8220;h3&#8243; single_text_lead=&#8220;yes&#8220; single_border=&#8220;yes&#8220; uncode_shortcode_id=&#8220;185026&#8243;][\/vc_column_inner][\/vc_row_inner][vc_empty_space empty_h=&#8220;4&#8243;][\/vc_column][\/vc_row]<\/p>\n<\/div>","protected":false},"excerpt":{"rendered":"<p>[vc_row unlock_row_content=&#8220;yes&#8220; row_height_percent=&#8220;0&#8243; override_padding=&#8220;yes&#8220; h_padding=&#8220;0&#8243; top_padding=&#8220;0&#8243; bottom_padding=&#8220;0&#8243; back_color=&#8220;color-wayh&#8220; overlay_alpha=&#8220;50&#8243; gutter_size=&#8220;3&#8243; column_width_percent=&#8220;100&#8243; shift_y=&#8220;0&#8243; z_index=&#8220;0&#8243; uncode_shortcode_id=&#8220;154956&#8243; back_color_type=&#8220;uncode-palette&#8220;][vc_column width=&#8220;1\/1&#8243;][vc_single_image media=&#8220;111197&#8243; media_width_percent=&#8220;100&#8243; media_ratio=&#8220;twentyone-nine&#8220; uncode_shortcode_id=&#8220;214397&#8243;][\/vc_column][\/vc_row][vc_row [&hellip;]<\/p>\n","protected":false},"author":1,"featured_media":0,"parent":0,"menu_order":0,"comment_status":"closed","ping_status":"closed","template":"","meta":{"footnotes":""},"class_list":["post-111194","page","type-page","status-publish","hentry"],"_links":{"self":[{"href":"https:\/\/amz-hannover.de\/wordpress\/wp-json\/wp\/v2\/pages\/111194","targetHints":{"allow":["GET"]}}],"collection":[{"href":"https:\/\/amz-hannover.de\/wordpress\/wp-json\/wp\/v2\/pages"}],"about":[{"href":"https:\/\/amz-hannover.de\/wordpress\/wp-json\/wp\/v2\/types\/page"}],"author":[{"embeddable":true,"href":"https:\/\/amz-hannover.de\/wordpress\/wp-json\/wp\/v2\/users\/1"}],"replies":[{"embeddable":true,"href":"https:\/\/amz-hannover.de\/wordpress\/wp-json\/wp\/v2\/comments?post=111194"}],"version-history":[{"count":0,"href":"https:\/\/amz-hannover.de\/wordpress\/wp-json\/wp\/v2\/pages\/111194\/revisions"}],"wp:attachment":[{"href":"https:\/\/amz-hannover.de\/wordpress\/wp-json\/wp\/v2\/media?parent=111194"}],"curies":[{"name":"wp","href":"https:\/\/api.w.org\/{rel}","templated":true}]}}